{"id":63,"date":"2013-05-15T14:45:01","date_gmt":"2013-05-15T14:45:01","guid":{"rendered":"http:\/\/www.daidoquimica.com.br\/site\/?page_id=63"},"modified":"2024-08-11T11:07:35","modified_gmt":"2024-08-11T11:07:35","slug":"dairol","status":"publish","type":"page","link":"https:\/\/www.daidoquimica.com.br\/site\/?page_id=63","title":{"rendered":"DAIROLL"},"content":{"rendered":"<h3><a href=\"https:\/\/www.daidoquimica.com.br\/site\/wp-content\/uploads\/2013\/05\/BANNER-dairol.jpg\"><img loading=\"lazy\" decoding=\"async\" class=\"alignnone size-full wp-image-65\" src=\"https:\/\/www.daidoquimica.com.br\/site\/wp-content\/uploads\/2013\/05\/BANNER-dairol.jpg\" alt=\"BANNER-dairol\" width=\"980\" height=\"425\" srcset=\"https:\/\/www.daidoquimica.com.br\/site\/wp-content\/uploads\/2013\/05\/BANNER-dairol.jpg 980w, https:\/\/www.daidoquimica.com.br\/site\/wp-content\/uploads\/2013\/05\/BANNER-dairol-300x130.jpg 300w, https:\/\/www.daidoquimica.com.br\/site\/wp-content\/uploads\/2013\/05\/BANNER-dairol-553x240.jpg 553w\" sizes=\"(max-width: 980px) 100vw, 980px\" \/><\/a><\/h3>\n<h3>\u00a0<\/h3>\n<h1 style=\"text-align: center;\"><strong>Conhe\u00e7a a seguir toda a linha de produtos DAIROLL<\/strong><\/h1>\n<p>\u00a0<\/p>\n\n\n<div class=\"wp-block-group\"><div class=\"wp-block-group__inner-container is-layout-constrained wp-block-group-is-layout-constrained\">\n<style>\n.accordion {\n    background-color: #f9f9f9;\n    color: #333;\n    cursor: pointer;\n    padding: 15px 20px;\n    width: 100%;\n    border: 1px solid #ccc;\n    border-radius: 5px;\n    text-align: left;\n    outline: none;\n    font-size: 18px;\n    font-weight: bold;\n    transition: background-color 0.4s ease, transform 0.2s ease;\n    display: flex;\n    justify-content: space-between;\n    align-items: center;\n    margin-bottom: 10px;\n}\n\n.accordion::after {\n    content: '\\25BC'; \/* Unicode para seta para baixo *\/\n    font-size: 18px;\n    transition: transform 0.2s ease;\n}\n\n.active::after {\n    transform: rotate(180deg); \/* Rotaciona a seta para cima *\/\n}\n\n.panel {\n    padding: 15px 20px;\n    background-color: #fff;\n    display: none;\n    overflow: hidden;\n    border-left: 1px solid #ccc;\n    border-right: 1px solid #ccc;\n    border-bottom: 1px solid #ccc;\n    border-radius: 0 0 5px 5px;\n}\n\n.panel ul {\n    list-style: none;\n    padding: 0;\n    margin: 0;\n}\n\n.panel ul li {\n    padding: 10px 0;\n    border-bottom: 1px solid #eee;\n}\n\n.panel ul li:last-child {\n    border-bottom: none;\n}\n<\/style>\n\n<!-- Primeira Categoria -->\n<button class=\"accordion\">Desmoldante sem grafite para forjamento \u00e0 quente e morno: \u00e1rea limpa, vida longa<\/button>\n<div class=\"panel\">\n    <ul>\n        <li><strong>Dairoll 330:<\/strong> TK Filme Secativo. Concentra\u00e7\u00e3o recomendada 10~20%<\/li>\n        <li><strong>Dairoll 160 MWK:<\/strong> Filme semi-secativo. Concentra\u00e7\u00e3o recomendada 10~20%<\/li>\n        <li><strong>Dairoll 20 HVS-MK:<\/strong> Filme secativo \u00e0 molhado. Boa lubrifica\u00e7\u00e3o e boa molhabilidade. Concentra\u00e7\u00e3o recomendada 10~20%<\/li>\n        <li><strong>Dairoll 300 HVS:<\/strong> Opera\u00e7\u00e3o mais pesada, alta ader\u00eancia. Concentra\u00e7\u00e3o recomendada 10~20%<\/li>\n    <\/ul>\n<\/div>\n\n<!-- Segunda Categoria -->\n<button class=\"accordion\">Linha Usinagem: produtos isentos de Cloro e Boro Usinagem: \u00d3leo Integral<\/button>\n<div class=\"panel\">\n    <ul>\n        <li><strong>Dairoll SG-70:<\/strong> \u00d3leo retifica e polimento especial<\/li>\n        <li><strong>Dairoll A-16:<\/strong> Ret\u00edfica pesada<\/li>\n        <li><strong>Dairoll GIA-15:<\/strong> \u00d3leo para \u201cGun Drill\u201d<\/li>\n        <li><strong>Dairoll GIA-20:<\/strong> \u00d3leo retifica\/usinagem mais leve<\/li>\n        <li><strong>Dairoll GIA-26:<\/strong> \u00d3leo retifica\/usinagem m\u00e9dia<\/li>\n        <li><strong>Dairoll GIA-40:<\/strong> Usinagem de \u201cDentadora\u201d<\/li>\n        <li><strong>Dairoll GIA-54:<\/strong> Opera\u00e7\u00e3o mais pesada, brochamento e alargamento<\/li>\n        <li><strong>Dairoll S\u00e9rie SG:<\/strong> Principalmente indicado para super acabamento de rolamentos<\/li>\n        <li><strong>Dairoll RS-10:<\/strong> Base 100% vegetal<\/li>\n    <\/ul>\n<\/div>\n\n<!-- Terceira Categoria -->\n<button class=\"accordion\">Linha Usinagem: produtos isentos de Cloro e Boro Usinagem: \u00d3leo Sol\u00favel<\/button>\n<div class=\"panel\">\n    <ul>\n        <li><strong>Dairoll PA-87:<\/strong> Solu\u00e7\u00e3o Qu\u00edmica, boa prote\u00e7\u00e3o e lavagem<\/li>\n        <li><strong>Dairoll PA-110 K:<\/strong> Base \u00e1gua, boa prote\u00e7\u00e3o, excelente contra deteriora\u00e7\u00e3o. Amplo uso retifica e usinagem mais leves de a\u00e7o carbono e ferro fundido<\/li>\n        <li><strong>Dairoll PA-511:<\/strong> Sol\u00favel tipo \u201cCoolant Clean\u201d, contendo pol\u00edmero sint\u00e9tico, boa caracter\u00edstica de osmose, prote\u00e7\u00e3o e lubricidade. Amplo uso ret\u00edfica e usinagem<\/li>\n        <li><strong>Dairoll PA-550:<\/strong> Sol\u00favel contendo extrema press\u00e3o com excelente lubricidade e refrigera\u00e7\u00e3o. Indicado para ret\u00edfica pesada<\/li>\n        <li><strong>Dairoll PA-582:<\/strong> Tipo emuls\u00e3o, boa lubricidade e vida \u00fatil longa. Amplo uso: Alum\u00ednio, a\u00e7o carbono e ferro fundido<\/li>\n        <li><strong>Dairoll PA-1300:<\/strong> Sol\u00favel especialmente para opera\u00e7\u00e3o de brunimento. Boa lavagem e lubricidade adequada. Pode substituir processo que utiliza \u00f3leo integral<\/li>\n        <li><strong>Dairoll SC F-201 H:<\/strong> Sol\u00favel base mineral contendo extrema press\u00e3o. Usinagem de alum\u00ednio e a\u00e7o carbono. Boa lubricidade, refrigera\u00e7\u00e3o e lavagem mantendo equipamento limpo<\/li>\n        <li><strong>Dairoll EX-8:<\/strong> Emuls\u00e3o base mineral. Boa lubricidade, lavagem e usinagem de alum\u00ednio puro<\/li>\n        <li><strong>Dairoll CF-123:<\/strong> Emuls\u00e3o base mineral. Amplo uso: A\u00e7o carbono e ferro fundido<\/li>\n        <li><strong>Dairoll 206 MT:<\/strong> Sol\u00favel alta lubrifica\u00e7\u00e3o com agente EP, alta molhabilidade, aplica\u00e7\u00e3o em a\u00e7o geral e alum\u00ednio<\/li>\n    <\/ul>\n<\/div>\n\n<!-- Quarta Categoria -->\n<button class=\"accordion\">Tratamento T\u00e9rmico: \u00d3leo Integral<\/button>\n<div class=\"panel\">\n    <ul>\n        <li><strong>Dairoll NT-22:<\/strong> Boa refrigera\u00e7\u00e3o. Temperatura: Ambiente~60\u00b0C<\/li>\n        <li><strong>Dairoll 125 N:<\/strong> Boa refrigera\u00e7\u00e3o. Temperatura: 60~80\u00b0C<\/li>\n        <li><strong>Dairoll N-101:<\/strong> Boa refrigera\u00e7\u00e3o e capacidade de brilho. Temperatura: 60~80\u00b0C<\/li>\n        <li><strong>Dairoll B-52 N:<\/strong> Capacidade de Brilho. Temperatura: 80~120\u00b0C<\/li>\n        <li><strong>Dairoll B-90 T:<\/strong> Mart\u00eampera. Temperatura: 120~180\u00b0C<\/li>\n    <\/ul>\n<\/div>\n\n<!-- Quinta Categoria -->\n<button class=\"accordion\">Tratamento T\u00e9rmico: \u00d3leo Sol\u00favel<\/button>\n<div class=\"panel\">\n    <ul>\n        <li><strong>Dairoll AS:<\/strong> Base pol\u00edmero. Boa refrigera\u00e7\u00e3o. T\u00eampera indu\u00e7\u00e3o e imers\u00e3o.<\/li>\n    <\/ul>\n<\/div>\n\n<!-- Sexta Categoria -->\n<button class=\"accordion\">Conforma\u00e7\u00e3o Tubos<\/button>\n<div class=\"panel\">\n    <ul>\n        <li><strong>Dairoll S\u00e9ries HC:<\/strong> Conforma\u00e7\u00e3o de Tubos &#8211; Cobre<\/li>\n        <li><strong>Dairoll J-15 Emuls\u00e3o Base Mineral:<\/strong> Conforma\u00e7\u00e3o de Tubos &#8211; A\u00e7os Gerais e Inox<\/li>\n    <\/ul>\n<\/div>\n\n<!-- S\u00e9tima Categoria -->\n<button class=\"accordion\">Estampagem e Forjamento a Frio<\/button>\n<div class=\"panel\">\n    <ul>\n        <li><strong>Dairoll Serie TJ:<\/strong> Estampagem<\/li>\n        <li><strong>Dairoll Serie TJ:<\/strong> Forjamento a Frio<\/li>\n    <\/ul>\n<\/div>\n\n<!-- Oitava Categoria -->\n<button class=\"accordion\">Encruamento<\/button>\n<div class=\"panel\">\n    <ul>\n        <li><strong>Dairoll S\u00e9rie TK:<\/strong> A\u00e7o Carbono &#8211; Conforme consulta<\/li>\n        <li><strong>Dairoll S\u00e9rie TK:<\/strong> Revestido Zinco &#8211; Conforme consulta<\/li>\n    <\/ul>\n<\/div>\n\n<!-- Nona Categoria -->\n<button class=\"accordion\">Lamina\u00e7\u00e3o a Frio<\/button>\n<div class=\"panel\">\n    <ul>\n        <li><strong>Dairoll KN-1MM \u2022 Dairoll TH-15 KB:<\/strong> Cobre e Ligas<\/li>\n        <li><strong>A\u00e7o carbono:<\/strong> Conforme consulta<\/li>\n        <li><strong>A\u00e7o Inox:<\/strong> Conforme consulta<\/li>\n        <li><strong>A\u00e7o S\u00edlicio:<\/strong> Conforme consulta<\/li>\n    <\/ul>\n<\/div>\n\n<!-- D\u00e9cima Categoria -->\n<button class=\"accordion\">Lamina\u00e7\u00e3o a Quente<\/button>\n<div class=\"panel\">\n    <ul>\n        <li><strong>Dairoll SA-100 HB:<\/strong> Cobre e Ligas<\/li>\n        <li><strong>Alum\u00ednio:<\/strong> Conforme Consulta<\/li>\n        <li><strong>A\u00e7o Carbono:<\/strong> Conforme Consulta<\/li>\n    <\/ul>\n<\/div>\n\n<!-- D\u00e9cima Primeira Categoria -->\n<button class=\"accordion\">Hidr\u00e1ulico Resistente a Fogo<\/button>\n<div class=\"panel\">\n    <ul>\n        <li><strong>Dairoll H-1A:<\/strong> Base \u00c9ster Sint\u00e9tico. Visc 46 cSt, a 40\u00bac<\/li>\n    <\/ul>\n<\/div>\n\n<!-- D\u00e9cima Segunda Categoria -->\n<button class=\"accordion\">Detergentes Integrais<\/button>\n<div class=\"panel\">\n    <ul>\n        <li><strong>Dairoll M-5:<\/strong> Solvente alta refina\u00e7\u00e3o. Ponto de Fulgor > 70\u00b0C<\/li>\n    <\/ul>\n<\/div>\n\n<!-- D\u00e9cima Terceira Categoria -->\n<button class=\"accordion\">Detergentes Base \u00e1gua<\/button>\n<div class=\"panel\">\n    <ul>\n        <li><strong>Dairoll R-207:<\/strong> Boa prote\u00e7\u00e3o e lavagem leve. Ex: Lavagem de \u00f3leos de usinagem sol\u00faveis<\/li>\n        <li><strong>Dairoll R-313 XL:<\/strong> Lavagem mais pesada. Ex: Lavagem de \u00f3leos integrais<\/li>\n        <li><strong>Dairoll SK-10:<\/strong> Lavagem de equipamentos, borra pesada<\/li>\n    <\/ul>\n<\/div>\n\n<!-- D\u00e9cima Quarta Categoria -->\n<button class=\"accordion\">Protetivo \u2022 Todos os produtos com Ponto de Fulgor > 70\u00baC<\/button>\n<div class=\"panel\">\n    <ul>\n        <li><strong>Dairoll D-311 H:<\/strong> Protetivo intermedi\u00e1rio para pe\u00e7as em geral (rolamentos) e alum\u00ednio. Pel\u00edcula oleosa<\/li>\n        <li><strong>Dairoll D-36 HB:<\/strong> Protetivo intermedi\u00e1rio para pe\u00e7as em geral, barras, tubos e materiais galvanizados. Filme oleoso fino<\/li>\n        <li><strong>Dairoll D-361 HB:<\/strong> Protetivo desaguante intermedi\u00e1rio para pe\u00e7as em geral (rolamentos)<\/li>\n        <li><strong>Dairoll D-366 HB:<\/strong> Protetivo intermedi\u00e1rio para pe\u00e7as em geral (rolamentos). Indicado para prote\u00e7\u00e3o final de tubos e fitas de a\u00e7o carbono. Pel\u00edcula Oleosa<\/li>\n        <li><strong>Dairoll RX-900 V:<\/strong> Protetivo final para chapa de a\u00e7o laminada a frio<\/li>\n        <li><strong>Dairoll RX-900 VAB:<\/strong> Protetivo geral para chapa de a\u00e7o laminada a frio e galvanizada<\/li>\n        <li><strong>Dairoll RX-900 VKB:<\/strong> Protetivo final para chapa de a\u00e7o decapada<\/li>\n        <li><strong>Dairoll SW-7:<\/strong> Protetivo tipo emuls\u00e3o para pe\u00e7as de a\u00e7o forjado e ferro fundido<\/li>\n    <\/ul>\n<\/div>\n\n<script>\nvar acc = document.getElementsByClassName(\"accordion\");\nfor (var i = 0; i < acc.length; i++) {\n    acc[i].addEventListener(\"click\", function() {\n        this.classList.toggle(\"active\");\n        var panel = this.nextElementSibling;\n        if (panel.style.display === \"block\") {\n            panel.style.display = \"none\";\n        } else {\n            panel.style.display = \"block\";\n        }\n    });\n}\n<\/script>\n\n<\/div><\/div>\n","protected":false},"excerpt":{"rendered":"<p>\u00a0 Conhe\u00e7a a seguir toda a linha de produtos DAIROLL \u00a0 Desmoldante sem grafite para forjamento \u00e0 quente e morno: \u00e1rea limpa, vida longa Dairoll 330: TK Filme Secativo. Concentra\u00e7\u00e3o recomendada 10~20% Dairoll 160 MWK: Filme semi-secativo. Concentra\u00e7\u00e3o recomendada 10~20% Dairoll 20 HVS-MK: Filme secativo \u00e0 molhado. Boa lubrifica\u00e7\u00e3o e boa molhabilidade. Concentra\u00e7\u00e3o recomendada 10~20% [&hellip;]<\/p>\n","protected":false},"author":1,"featured_media":65,"parent":0,"menu_order":0,"comment_status":"open","ping_status":"open","template":"page-full.php","meta":{"footnotes":""},"class_list":["post-63","page","type-page","status-publish","has-post-thumbnail","hentry"],"_links":{"self":[{"href":"https:\/\/www.daidoquimica.com.br\/site\/index.php?rest_route=\/wp\/v2\/pages\/63"}],"collection":[{"href":"https:\/\/www.daidoquimica.com.br\/site\/index.php?rest_route=\/wp\/v2\/pages"}],"about":[{"href":"https:\/\/www.daidoquimica.com.br\/site\/index.php?rest_route=\/wp\/v2\/types\/page"}],"author":[{"embeddable":true,"href":"https:\/\/www.daidoquimica.com.br\/site\/index.php?rest_route=\/wp\/v2\/users\/1"}],"replies":[{"embeddable":true,"href":"https:\/\/www.daidoquimica.com.br\/site\/index.php?rest_route=%2Fwp%2Fv2%2Fcomments&post=63"}],"version-history":[{"count":36,"href":"https:\/\/www.daidoquimica.com.br\/site\/index.php?rest_route=\/wp\/v2\/pages\/63\/revisions"}],"predecessor-version":[{"id":10454,"href":"https:\/\/www.daidoquimica.com.br\/site\/index.php?rest_route=\/wp\/v2\/pages\/63\/revisions\/10454"}],"wp:featuredmedia":[{"embeddable":true,"href":"https:\/\/www.daidoquimica.com.br\/site\/index.php?rest_route=\/wp\/v2\/media\/65"}],"wp:attachment":[{"href":"https:\/\/www.daidoquimica.com.br\/site\/index.php?rest_route=%2Fwp%2Fv2%2Fmedia&parent=63"}],"curies":[{"name":"wp","href":"https:\/\/api.w.org\/{rel}","templated":true}]}}