{"id":6,"date":"2013-05-15T12:09:31","date_gmt":"2013-05-15T12:09:31","guid":{"rendered":"http:\/\/www.daidoquimica.com.br\/site\/?page_id=6"},"modified":"2024-06-30T11:18:14","modified_gmt":"2024-06-30T11:18:14","slug":"institucional","status":"publish","type":"page","link":"https:\/\/www.daidoquimica.com.br\/site\/","title":{"rendered":"INSTITUCIONAL"},"content":{"rendered":"<p style=\"text-align: justify;\"><!--more--><\/p>\n<p style=\"text-align: justify;\"><img loading=\"lazy\" decoding=\"async\" class=\"alignnone size-full wp-image-82\" src=\"https:\/\/www.daidoquimica.com.br\/site\/wp-content\/uploads\/2013\/05\/DAIDO-QUIMICA-INSTITUCIONAL.jpg\" alt=\"DAIDO-QUIMICA-INSTITUCIONAL\" width=\"980\" height=\"425\" srcset=\"https:\/\/www.daidoquimica.com.br\/site\/wp-content\/uploads\/2013\/05\/DAIDO-QUIMICA-INSTITUCIONAL.jpg 980w, https:\/\/www.daidoquimica.com.br\/site\/wp-content\/uploads\/2013\/05\/DAIDO-QUIMICA-INSTITUCIONAL-300x130.jpg 300w, https:\/\/www.daidoquimica.com.br\/site\/wp-content\/uploads\/2013\/05\/DAIDO-QUIMICA-INSTITUCIONAL-553x240.jpg 553w\" sizes=\"(max-width: 980px) 100vw, 980px\" \/><\/p>\n<p style=\"text-align: justify;\">A <strong>DAIDO QU\u00cdMICA DO BRASIL LTDA<\/strong> fabrica e comercializa, desde 1974, \u00f3leos industriais especiais para processo de lamina\u00e7\u00e3o, tratamento t\u00e9rmico, desmoldante, encruamento, corte, protetivos e detergentes, em parceria com a Daido Chemical Ind. Com. Ltda., com mais de 60 anos de experi\u00eancia e conhecimentos acumulados, cujos produtos s\u00e3o utilizados, com sucesso, nas ind\u00fastrias sider\u00fargicas, metal\u00fargicas, automobil\u00edsticas e mec\u00e2nicas.<\/p>\n<p style=\"text-align: justify;\">Com linha de produtos para todas as etapas dos principais ramos de fabrica\u00e7\u00e3o e, ajustada dia a dia \u00e0s exig\u00eancias do mercado, a DAIDO QU\u00cdMICA DO BRASIL LTDA. fornece produtos de qualidade de categoria mundial, ostentando, pelos seus esfor\u00e7os, premia\u00e7\u00f5es e certifica\u00e7\u00f5es ISO 9001 e ISO 14001.<\/p>\n<p style=\"text-align: justify;\">\u00c9 dentro desta filosofia e esp\u00edrito de respeito que, neste ano de 2013, a DAIDO agrega nova linha de produtos denominada S\u00c9RIE AQUALUB \u2013 FILME SECO \u00daNICO \u2013 substituto do filme de FOSFATO.<\/p>\n<p style=\"text-align: justify;\">Mais detalhes e informa\u00e7\u00f5es sobre esta nova linha, consulte <a href=\"https:\/\/www.daidoquimica.com.br\/site\/?page_id=69\"><strong>aqui<\/strong><\/a>.<\/p>\n<p>\u00a0<\/p>\n\n\n<div class=\"wp-block-columns alignwide is-layout-flex wp-container-core-columns-is-layout-1 wp-block-columns-is-layout-flex\" style=\"margin-bottom:0\">\n<div class=\"wp-block-column is-layout-flow wp-block-column-is-layout-flow\">\n<figure class=\"wp-block-image size-full is-resized\"><a href=\"https:\/\/www.daidoquimica.com.br\/site\/?page_id=10\"><img loading=\"lazy\" decoding=\"async\" width=\"980\" height=\"425\" src=\"https:\/\/www.daidoquimica.com.br\/site\/wp-content\/uploads\/2013\/05\/DAIDO-QUIMICA-PRODUTOS.jpg\" alt=\"\" class=\"wp-image-91\" style=\"aspect-ratio:1.5;object-fit:cover;width:274px;height:auto\" srcset=\"https:\/\/www.daidoquimica.com.br\/site\/wp-content\/uploads\/2013\/05\/DAIDO-QUIMICA-PRODUTOS.jpg 980w, https:\/\/www.daidoquimica.com.br\/site\/wp-content\/uploads\/2013\/05\/DAIDO-QUIMICA-PRODUTOS-300x130.jpg 300w, https:\/\/www.daidoquimica.com.br\/site\/wp-content\/uploads\/2013\/05\/DAIDO-QUIMICA-PRODUTOS-553x240.jpg 553w\" sizes=\"(max-width: 980px) 100vw, 980px\" \/><\/a><\/figure>\n\n\n\n<h1 class=\"wp-block-heading has-text-align-center\"><a href=\"https:\/\/www.daidoquimica.com.br\/site\/?page_id=10\"><strong>PRODUTOS<\/strong><\/a><\/h1>\n\n\n\n<p class=\"has-text-align-center\"><a href=\"https:\/\/www.daidoquimica.com.br\/site\/?page_id=10\">A DAIDO agrega nova linha de produtos denominada S\u00c9RIE AQUALUB &#8211; FILME SECO \u00daNICO &#8211; substituto do filme de FOSFATO.<\/a><\/p>\n<\/div>\n\n\n\n<div class=\"wp-block-column is-layout-flow wp-block-column-is-layout-flow\">\n<figure class=\"wp-block-image size-full is-resized\"><a href=\"https:\/\/www.daidoquimica.com.br\/site\/?page_id=63\"><img loading=\"lazy\" decoding=\"async\" width=\"600\" height=\"480\" src=\"https:\/\/www.daidoquimica.com.br\/site\/wp-content\/uploads\/2013\/05\/ICON-m-PRODUTOS-DAIROL2.jpg\" alt=\"\" class=\"wp-image-53\" style=\"aspect-ratio:1.5;object-fit:cover;width:274px;height:auto\" srcset=\"https:\/\/www.daidoquimica.com.br\/site\/wp-content\/uploads\/2013\/05\/ICON-m-PRODUTOS-DAIROL2.jpg 600w, https:\/\/www.daidoquimica.com.br\/site\/wp-content\/uploads\/2013\/05\/ICON-m-PRODUTOS-DAIROL2-300x240.jpg 300w\" sizes=\"(max-width: 600px) 100vw, 600px\" \/><\/a><\/figure>\n\n\n\n<h1 class=\"wp-block-heading has-text-align-center\"><a href=\"https:\/\/www.daidoquimica.com.br\/site\/?page_id=63\"><strong>DAIROLL<\/strong><\/a><\/h1>\n\n\n\n<p class=\"has-text-align-center\"><a href=\"https:\/\/www.daidoquimica.com.br\/site\/?page_id=63\">Conhe\u00e7a toda a linha de produtos DAIROLL<\/a><\/p>\n<\/div>\n\n\n\n<div class=\"wp-block-column is-layout-flow wp-block-column-is-layout-flow\">\n<figure class=\"wp-block-image size-full is-resized\"><a href=\"https:\/\/www.daidoquimica.com.br\/site\/?page_id=69\"><img loading=\"lazy\" decoding=\"async\" width=\"980\" height=\"425\" src=\"https:\/\/www.daidoquimica.com.br\/site\/wp-content\/uploads\/2013\/05\/BANNER-aqualub.jpg\" alt=\"\" class=\"wp-image-70\" style=\"aspect-ratio:1.5;object-fit:cover;width:274px;height:auto\" srcset=\"https:\/\/www.daidoquimica.com.br\/site\/wp-content\/uploads\/2013\/05\/BANNER-aqualub.jpg 980w, https:\/\/www.daidoquimica.com.br\/site\/wp-content\/uploads\/2013\/05\/BANNER-aqualub-300x130.jpg 300w, https:\/\/www.daidoquimica.com.br\/site\/wp-content\/uploads\/2013\/05\/BANNER-aqualub-553x240.jpg 553w\" sizes=\"(max-width: 980px) 100vw, 980px\" \/><\/a><\/figure>\n\n\n\n<h1 class=\"wp-block-heading has-text-align-center\"><a href=\"https:\/\/www.daidoquimica.com.br\/site\/?page_id=63\"><strong>AQUALUB<\/strong><\/a><\/h1>\n\n\n\n<p class=\"has-text-align-center\"><a href=\"https:\/\/www.daidoquimica.com.br\/site\/?page_id=69\">Conhe\u00e7a o AQUALUB! Sua \u00e1rea de produ\u00e7\u00e3o n\u00e3o ser\u00e1 a mesma!<\/a><\/p>\n<\/div>\n<\/div>\n","protected":false},"excerpt":{"rendered":"","protected":false},"author":1,"featured_media":89,"parent":0,"menu_order":0,"comment_status":"open","ping_status":"open","template":"page-full.php","meta":{"footnotes":""},"class_list":["post-6","page","type-page","status-publish","has-post-thumbnail","hentry"],"_links":{"self":[{"href":"https:\/\/www.daidoquimica.com.br\/site\/index.php?rest_route=\/wp\/v2\/pages\/6"}],"collection":[{"href":"https:\/\/www.daidoquimica.com.br\/site\/index.php?rest_route=\/wp\/v2\/pages"}],"about":[{"href":"https:\/\/www.daidoquimica.com.br\/site\/index.php?rest_route=\/wp\/v2\/types\/page"}],"author":[{"embeddable":true,"href":"https:\/\/www.daidoquimica.com.br\/site\/index.php?rest_route=\/wp\/v2\/users\/1"}],"replies":[{"embeddable":true,"href":"https:\/\/www.daidoquimica.com.br\/site\/index.php?rest_route=%2Fwp%2Fv2%2Fcomments&post=6"}],"version-history":[{"count":24,"href":"https:\/\/www.daidoquimica.com.br\/site\/index.php?rest_route=\/wp\/v2\/pages\/6\/revisions"}],"predecessor-version":[{"id":10447,"href":"https:\/\/www.daidoquimica.com.br\/site\/index.php?rest_route=\/wp\/v2\/pages\/6\/revisions\/10447"}],"wp:featuredmedia":[{"embeddable":true,"href":"https:\/\/www.daidoquimica.com.br\/site\/index.php?rest_route=\/wp\/v2\/media\/89"}],"wp:attachment":[{"href":"https:\/\/www.daidoquimica.com.br\/site\/index.php?rest_route=%2Fwp%2Fv2%2Fmedia&parent=6"}],"curies":[{"name":"wp","href":"https:\/\/api.w.org\/{rel}","templated":true}]}}