{"id":14,"date":"2013-05-15T12:10:39","date_gmt":"2013-05-15T12:10:39","guid":{"rendered":"http:\/\/www.daidoquimica.com.br\/site\/?page_id=14"},"modified":"2013-09-04T18:39:10","modified_gmt":"2013-09-04T18:39:10","slug":"como-chegar","status":"publish","type":"page","link":"https:\/\/www.daidoquimica.com.br\/site\/?page_id=14","title":{"rendered":"COMO CHEGAR"},"content":{"rendered":"<p>Estamos localizados na Rua Theodoro Mendes Pires, 102, bairro Cinco em Contagem- MG.<br \/>\nAbaixo, a integra\u00e7\u00e3o com o Google Maps, onde a rua \u00e9 localizada por seu antigo nome &#8211; Rua Haeckel Ben-hur Salvador &#8211; Contagem &#8211; MG.<\/p>\n<p><iframe loading=\"lazy\" src=\"https:\/\/maps.google.com\/maps?q=cinco+contagem&amp;hl=pt-PT&amp;sll=-19.949731,-44.042179&amp;sspn=0.00292,0.004989&amp;hnear=Cinco,+Contagem+-+Minas+Gerais,+Brasil&amp;t=m&amp;layer=c&amp;cbll=-19.939937,-44.062698&amp;panoid=XrZPKx_Ng3F66AJp2rpSBA&amp;cbp=12,266.6,,0,-4.45&amp;ie=UTF8&amp;hq=&amp;ll=-19.940312,-44.062707&amp;spn=0.005829,0.009484&amp;z=14&amp;source=embed&amp;output=svembed\" height=\"500\" width=\"900\" frameborder=\"0\" marginwidth=\"0\" marginheight=\"0\" scrolling=\"no\"><\/iframe><br \/>\n<small><a style=\"color: #0000ff; text-align: left;\" href=\"https:\/\/maps.google.com\/maps?q=cinco+contagem&amp;hl=pt-PT&amp;sll=-19.949731,-44.042179&amp;sspn=0.00292,0.004989&amp;hnear=Cinco,+Contagem+-+Minas+Gerais,+Brasil&amp;t=m&amp;layer=c&amp;cbll=-19.939937,-44.062698&amp;panoid=XrZPKx_Ng3F66AJp2rpSBA&amp;cbp=12,266.6,,0,-4.45&amp;ie=UTF8&amp;hq=&amp;ll=-19.940312,-44.062707&amp;spn=0.005829,0.009484&amp;z=14&amp;source=embed\">Ver mapa maior<\/a><\/small><\/p>\n","protected":false},"excerpt":{"rendered":"<p>Estamos localizados na Rua Theodoro Mendes Pires, 102, bairro Cinco em Contagem- MG. Abaixo, a integra\u00e7\u00e3o com o Google Maps, onde a rua \u00e9 localizada por seu antigo nome &#8211; Rua Haeckel Ben-hur Salvador &#8211; Contagem &#8211; MG. Ver mapa maior<\/p>\n","protected":false},"author":1,"featured_media":0,"parent":0,"menu_order":0,"comment_status":"open","ping_status":"open","template":"page-full.php","meta":{"footnotes":""},"class_list":["post-14","page","type-page","status-publish","hentry"],"_links":{"self":[{"href":"https:\/\/www.daidoquimica.com.br\/site\/index.php?rest_route=\/wp\/v2\/pages\/14"}],"collection":[{"href":"https:\/\/www.daidoquimica.com.br\/site\/index.php?rest_route=\/wp\/v2\/pages"}],"about":[{"href":"https:\/\/www.daidoquimica.com.br\/site\/index.php?rest_route=\/wp\/v2\/types\/page"}],"author":[{"embeddable":true,"href":"https:\/\/www.daidoquimica.com.br\/site\/index.php?rest_route=\/wp\/v2\/users\/1"}],"replies":[{"embeddable":true,"href":"https:\/\/www.daidoquimica.com.br\/site\/index.php?rest_route=%2Fwp%2Fv2%2Fcomments&post=14"}],"version-history":[{"count":9,"href":"https:\/\/www.daidoquimica.com.br\/site\/index.php?rest_route=\/wp\/v2\/pages\/14\/revisions"}],"predecessor-version":[{"id":177,"href":"https:\/\/www.daidoquimica.com.br\/site\/index.php?rest_route=\/wp\/v2\/pages\/14\/revisions\/177"}],"wp:attachment":[{"href":"https:\/\/www.daidoquimica.com.br\/site\/index.php?rest_route=%2Fwp%2Fv2%2Fmedia&parent=14"}],"curies":[{"name":"wp","href":"https:\/\/api.w.org\/{rel}","templated":true}]}}